{"id":5040,"date":"2024-07-30T10:09:38","date_gmt":"2024-07-30T13:09:38","guid":{"rendered":"https:\/\/www.sindimar.com.br\/wp\/?page_id=5040"},"modified":"2024-07-30T10:09:39","modified_gmt":"2024-07-30T13:09:39","slug":"homologacao","status":"publish","type":"page","link":"https:\/\/www.sindimar.com.br\/wp\/homologacao\/","title":{"rendered":"HOMOLOGA\u00c7\u00c3O"},"content":{"rendered":"\n<p>Homologa\u00e7\u00e3o \u00e9 a assist\u00eancia devida na rescis\u00e3o do contrato de trabalho firmado, geralmente h\u00e1 mais de 1 (um) ano, e consiste em orientar e esclarecer empregado e empregador sobre o cumprimento da lei e da Conven\u00e7\u00e3o Coletiva de Trabalho, assim como zelar pelo efetivo pagamento das parcelas devidas.<\/p>\n\n\n\n<p>Fa\u00e7a o agendamento da homologa\u00e7\u00e3o trabalhista pelo telefone: <strong>(14) 3454-1622.<\/strong><\/p>\n\n\n\n<p><strong>Documentos Necess\u00e1rios:<\/strong><\/p>\n\n\n\n<p>1 &#8211; Atestado M\u00e9dico Demissional (ASO), referindo a exist\u00eancia de Riscos Ambientais e\/ou Operacionais &#8211; (2 vias);<\/p>\n\n\n\n<p>2 &#8211; Apresenta\u00e7\u00e3o do PPP (Perfil Profissiogr\u00e1fico Previdenci\u00e1rio) -Lei 8.213\/91 e Decreto 3048\/99<\/p>\n\n\n\n<p>3 &#8211; Carta de Preposto;<\/p>\n\n\n\n<p>4 &#8211; Aviso Pr\u00e9vio ou Pedido de Demiss\u00e3o (preenchido);<\/p>\n\n\n\n<p>5 &#8211; Carteira Profissional (F\u00edsica ou Digital), atualizada com a devida baixa e anota\u00e7\u00f5es respectivas;<\/p>\n\n\n\n<p>6 &#8211; Termo de Rescis\u00e3o de Contrato de Trabalho (04 Vias);<\/p>\n\n\n\n<p>7 &#8211; Extrato atualizado do FGTS;<\/p>\n\n\n\n<p>8 &#8211; Comprovante Recolhimento do FGTS sobre rescis\u00e3o e Multa de 50% (2 vias), quando for o caso;<\/p>\n\n\n\n<p>9 &#8211; CD &#8211; Comunica\u00e7\u00e3o de Dispensa de Seguro Desemprego, assinada e carimbada, quando for o caso;<\/p>\n\n\n\n<p>10 &#8211; Livro Registro de Empregados ou Ficha;<\/p>\n\n\n\n<p>11 &#8211; \u00daltimo recibo de F\u00e9rias (quando necess\u00e1rio).<\/p>\n","protected":false},"excerpt":{"rendered":"<p>Homologa\u00e7\u00e3o \u00e9 a assist\u00eancia devida na rescis\u00e3o do contrato de trabalho firmado, geralmente h\u00e1 mais de 1 (um) ano, e consiste em orientar e&hellip;<\/p>\n","protected":false},"author":36,"featured_media":0,"parent":0,"menu_order":0,"comment_status":"closed","ping_status":"closed","template":"","meta":{"footnotes":""},"class_list":["post-5040","page","type-page","status-publish","hentry"],"blog_post_layout_featured_media_urls":{"thumbnail":"","full":""},"categories_names":null,"comments_number":"0","wpmagazine_modules_lite_featured_media_urls":{"thumbnail":"","cvmm-medium":"","cvmm-medium-plus":"","cvmm-portrait":"","cvmm-medium-square":"","cvmm-large":"","cvmm-small":"","full":""},"_links":{"self":[{"href":"https:\/\/www.sindimar.com.br\/wp\/wp-json\/wp\/v2\/pages\/5040","targetHints":{"allow":["GET"]}}],"collection":[{"href":"https:\/\/www.sindimar.com.br\/wp\/wp-json\/wp\/v2\/pages"}],"about":[{"href":"https:\/\/www.sindimar.com.br\/wp\/wp-json\/wp\/v2\/types\/page"}],"author":[{"embeddable":true,"href":"https:\/\/www.sindimar.com.br\/wp\/wp-json\/wp\/v2\/users\/36"}],"replies":[{"embeddable":true,"href":"https:\/\/www.sindimar.com.br\/wp\/wp-json\/wp\/v2\/comments?post=5040"}],"version-history":[{"count":3,"href":"https:\/\/www.sindimar.com.br\/wp\/wp-json\/wp\/v2\/pages\/5040\/revisions"}],"predecessor-version":[{"id":5043,"href":"https:\/\/www.sindimar.com.br\/wp\/wp-json\/wp\/v2\/pages\/5040\/revisions\/5043"}],"wp:attachment":[{"href":"https:\/\/www.sindimar.com.br\/wp\/wp-json\/wp\/v2\/media?parent=5040"}],"curies":[{"name":"wp","href":"https:\/\/api.w.org\/{rel}","templated":true}]}}