{"id":4879,"date":"2024-07-29T17:06:01","date_gmt":"2024-07-29T20:06:01","guid":{"rendered":"https:\/\/www.sindimar.com.br\/wp\/?page_id=4879"},"modified":"2026-02-25T18:53:55","modified_gmt":"2026-02-25T21:53:55","slug":"institutos-de-beleza","status":"publish","type":"page","link":"https:\/\/www.sindimar.com.br\/wp\/institutos-de-beleza\/","title":{"rendered":"INSTITUTOS DE BELEZA"},"content":{"rendered":"\n<p class=\"has-text-align-center\">Esta Conven\u00e7\u00e3o Coletiva possui benef\u00edcios aos trabalhadores que s\u00e3o prestados pelas seguintes institui\u00e7\u00f5es:<\/p>\n\n\n\n<p class=\"has-text-align-center\"><strong>Central dos Benef\u00edcios<\/strong><br><a href=\"https:\/\/portal.centraldosbeneficios.com.br\/\" target=\"_blank\" rel=\"noreferrer noopener\">portal.centraldosbeneficios.com.br<br><\/a>Cl\u00e1usula: Plano Odontol\u00f3gico<\/p>\n\n\n\n<p class=\"has-text-align-center\"><strong>Sa\u00fade Pass<\/strong><br><a href=\"https:\/\/app.saudepass.com.br\/sindicato-laboral\/fethesp-marilia\" target=\"_blank\" rel=\"noreferrer noopener\">www.app.saudepass.com.br<\/a><br>Cl\u00e1usula: Assist\u00eancia M\u00e9dica e Telemedicina<\/p>\n\n\n\n<p class=\"has-text-align-center\"><strong>Empregados em institutos de beleza, esmalterias, barbearias, cabeleireiros, manicures, maquiadores e similares<\/strong><\/p>\n\n\n\n<p class=\"has-text-align-center\"><a href=\"http:\/\/www.sindimar.com.br\/wp\/wp-content\/uploads\/2026\/02\/Minuta-FETHESP-CCT-Beleza-2025-2026.pdf\" target=\"_blank\" rel=\"noreferrer noopener\">Conven\u00e7\u00e3o Coletiva &#8211; 2025<\/a><\/p>\n\n\n\n<p class=\"has-text-align-center\"><a href=\"http:\/\/www.sindimar.com.br\/wp\/wp-content\/uploads\/2024\/10\/FETHESP.pdf\" target=\"_blank\" rel=\"noreferrer noopener\">Conven\u00e7\u00e3o Coletiva &#8211; 2024<\/a><\/p>\n\n\n\n<p class=\"has-text-align-center\"><a href=\"http:\/\/www.sindimar.com.br\/wp\/wp-content\/uploads\/2024\/07\/Cabeleireiros-2023.pdf\" target=\"_blank\" rel=\"noreferrer noopener\">Conven\u00e7\u00e3o Coletiva &#8211; 2023<\/a><\/p>\n\n\n\n<p class=\"has-text-align-center\"><a href=\"http:\/\/www.sindimar.com.br\/wp\/wp-content\/uploads\/2024\/07\/Cabeleireiros-2022.pdf\" target=\"_blank\" rel=\"noreferrer noopener\">Conven\u00e7\u00e3o Coletiva &#8211; 2022<\/a><\/p>\n","protected":false},"excerpt":{"rendered":"<p>Esta Conven\u00e7\u00e3o Coletiva possui benef\u00edcios aos trabalhadores que s\u00e3o prestados pelas seguintes institui\u00e7\u00f5es: Central dos Benef\u00edciosportal.centraldosbeneficios.com.brCl\u00e1usula: Plano Odontol\u00f3gico Sa\u00fade Passwww.app.saudepass.com.brCl\u00e1usula: Assist\u00eancia M\u00e9dica e Telemedicina&hellip;<\/p>\n","protected":false},"author":36,"featured_media":0,"parent":0,"menu_order":0,"comment_status":"closed","ping_status":"closed","template":"","meta":{"footnotes":""},"class_list":["post-4879","page","type-page","status-publish","hentry"],"blog_post_layout_featured_media_urls":{"thumbnail":"","full":""},"categories_names":null,"comments_number":"0","wpmagazine_modules_lite_featured_media_urls":{"thumbnail":"","cvmm-medium":"","cvmm-medium-plus":"","cvmm-portrait":"","cvmm-medium-square":"","cvmm-large":"","cvmm-small":"","full":""},"_links":{"self":[{"href":"https:\/\/www.sindimar.com.br\/wp\/wp-json\/wp\/v2\/pages\/4879","targetHints":{"allow":["GET"]}}],"collection":[{"href":"https:\/\/www.sindimar.com.br\/wp\/wp-json\/wp\/v2\/pages"}],"about":[{"href":"https:\/\/www.sindimar.com.br\/wp\/wp-json\/wp\/v2\/types\/page"}],"author":[{"embeddable":true,"href":"https:\/\/www.sindimar.com.br\/wp\/wp-json\/wp\/v2\/users\/36"}],"replies":[{"embeddable":true,"href":"https:\/\/www.sindimar.com.br\/wp\/wp-json\/wp\/v2\/comments?post=4879"}],"version-history":[{"count":5,"href":"https:\/\/www.sindimar.com.br\/wp\/wp-json\/wp\/v2\/pages\/4879\/revisions"}],"predecessor-version":[{"id":5414,"href":"https:\/\/www.sindimar.com.br\/wp\/wp-json\/wp\/v2\/pages\/4879\/revisions\/5414"}],"wp:attachment":[{"href":"https:\/\/www.sindimar.com.br\/wp\/wp-json\/wp\/v2\/media?parent=4879"}],"curies":[{"name":"wp","href":"https:\/\/api.w.org\/{rel}","templated":true}]}}