{"id":5217,"date":"2024-08-08T19:22:28","date_gmt":"2024-08-08T22:22:28","guid":{"rendered":"https:\/\/www.sindimar.com.br\/wp\/?page_id=5217"},"modified":"2024-08-08T19:22:30","modified_gmt":"2024-08-08T22:22:30","slug":"laboratorios","status":"publish","type":"page","link":"http:\/\/www.sindimar.com.br\/wp\/laboratorios\/","title":{"rendered":"LABORAT\u00d3RIOS"},"content":{"rendered":"\n<p class=\"has-text-align-center\"><strong>Descontos em exames para associados.<br>Saiba mais com o sindicato: (14) 3454-1622<\/strong><\/p>\n\n\n\n<hr class=\"wp-block-separator has-alpha-channel-opacity\"\/>\n\n\n<div class=\"wp-block-image\">\n<figure class=\"aligncenter size-full\"><img fetchpriority=\"high\" decoding=\"async\" width=\"400\" height=\"250\" src=\"https:\/\/www.sindimar.com.br\/wp\/wp-content\/uploads\/2024\/08\/CMD.png\" alt=\"\" class=\"wp-image-5219\" srcset=\"http:\/\/www.sindimar.com.br\/wp\/wp-content\/uploads\/2024\/08\/CMD.png 400w, http:\/\/www.sindimar.com.br\/wp\/wp-content\/uploads\/2024\/08\/CMD-300x188.png 300w\" sizes=\"(max-width: 400px) 100vw, 400px\" \/><\/figure><\/div>\n\n\n<p class=\"has-text-align-center\"><strong>CMD Centro M\u00e9dico Diagn\u00f3stico<br>Endere\u00e7o: <\/strong>Rua Marechal Deodoro, 38 &#8211; Centro, Mar\u00edlia\/SP<br><strong>Telefone: <\/strong>(14) 3402-3030<\/p>\n\n\n\n<hr class=\"wp-block-separator has-alpha-channel-opacity\"\/>\n\n\n<div class=\"wp-block-image\">\n<figure class=\"aligncenter size-full\"><img decoding=\"async\" width=\"400\" height=\"250\" src=\"https:\/\/www.sindimar.com.br\/wp\/wp-content\/uploads\/2024\/08\/osvaldo_cruz.png\" alt=\"\" class=\"wp-image-5221\" srcset=\"http:\/\/www.sindimar.com.br\/wp\/wp-content\/uploads\/2024\/08\/osvaldo_cruz.png 400w, http:\/\/www.sindimar.com.br\/wp\/wp-content\/uploads\/2024\/08\/osvaldo_cruz-300x188.png 300w\" sizes=\"(max-width: 400px) 100vw, 400px\" \/><\/figure><\/div>\n\n\n<p class=\"has-text-align-center\"><strong>Laborat\u00f3rio Osvaldo Cruz<br>Endere\u00e7o: <\/strong>Av. Sampaio Vidal, 70 &#8211; Barbosa, Mar\u00edlia\/SP<br><strong>Telefone:<\/strong> (14) 3413-6006<\/p>\n","protected":false},"excerpt":{"rendered":"<p>Descontos em exames para associados.Saiba mais com o sindicato: (14) 3454-1622 CMD Centro M\u00e9dico Diagn\u00f3sticoEndere\u00e7o: Rua Marechal Deodoro, 38 &#8211; Centro, Mar\u00edlia\/SPTelefone: (14) 3402-3030&hellip;<\/p>\n","protected":false},"author":36,"featured_media":0,"parent":0,"menu_order":0,"comment_status":"closed","ping_status":"closed","template":"","meta":{"footnotes":""},"class_list":["post-5217","page","type-page","status-publish","hentry"],"blog_post_layout_featured_media_urls":{"thumbnail":"","full":""},"categories_names":null,"comments_number":"0","wpmagazine_modules_lite_featured_media_urls":{"thumbnail":"","cvmm-medium":"","cvmm-medium-plus":"","cvmm-portrait":"","cvmm-medium-square":"","cvmm-large":"","cvmm-small":"","full":""},"_links":{"self":[{"href":"http:\/\/www.sindimar.com.br\/wp\/wp-json\/wp\/v2\/pages\/5217","targetHints":{"allow":["GET"]}}],"collection":[{"href":"http:\/\/www.sindimar.com.br\/wp\/wp-json\/wp\/v2\/pages"}],"about":[{"href":"http:\/\/www.sindimar.com.br\/wp\/wp-json\/wp\/v2\/types\/page"}],"author":[{"embeddable":true,"href":"http:\/\/www.sindimar.com.br\/wp\/wp-json\/wp\/v2\/users\/36"}],"replies":[{"embeddable":true,"href":"http:\/\/www.sindimar.com.br\/wp\/wp-json\/wp\/v2\/comments?post=5217"}],"version-history":[{"count":5,"href":"http:\/\/www.sindimar.com.br\/wp\/wp-json\/wp\/v2\/pages\/5217\/revisions"}],"predecessor-version":[{"id":5224,"href":"http:\/\/www.sindimar.com.br\/wp\/wp-json\/wp\/v2\/pages\/5217\/revisions\/5224"}],"wp:attachment":[{"href":"http:\/\/www.sindimar.com.br\/wp\/wp-json\/wp\/v2\/media?parent=5217"}],"curies":[{"name":"wp","href":"https:\/\/api.w.org\/{rel}","templated":true}]}}